{"id":9418,"date":"2024-10-17T20:22:09","date_gmt":"2024-10-18T00:22:09","guid":{"rendered":"https:\/\/dev1.micro-esthetique.com\/product\/force-de-vie-eye-contour-luzern\/"},"modified":"2024-10-17T20:22:09","modified_gmt":"2024-10-18T00:22:09","slug":"force-de-vie-eye-contour-luzern","status":"publish","type":"product","link":"https:\/\/dev1.micro-esthetique.com\/en\/product\/force-de-vie-eye-contour-luzern\/","title":{"rendered":"Force De Vie Eye Contour Luzern"},"content":{"rendered":"<h4>R\u00c9G\u00c9N\u00c9RATION 360 EYE CONTOUR CREAM WITH REFRESHING APPLICATOR.<\/h4>\n<p>The Force De Vie range provides your skin with a powerful daily dose of pure oxygen, vitamin C and bio-Suisse extracts. Force De Vie Contour Des Yeux attenuates the appearance of fine lines and crow&#8217;s feet, reduces the appearance of puffiness and dark circles, and gives a feeling of firmness. Skin feels soothed, fresher and more radiant.  <\/p>\n<p class=\"p1\"><span class=\"s1\">Force De Vie Eye Contour Cream also helps stimulate cellular respiration, microcirculation and collagen production.<\/span><\/p>\n<p><strong>Benefits:<\/strong><\/p>\n<ul>\n<li>Provides an instant sensation of firmness and tone.<\/li>\n<li>Reduces the appearance of fine lines and wrinkles.<\/li>\n<li>Helps reduce the appearance of puffiness.<\/li>\n<li>Reduces the appearance of dark circles.<\/li>\n<\/ul>\n<p>For all skin types.<\/p>\n","protected":false},"excerpt":{"rendered":"<p>R\u00c9G\u00c9N\u00c9RATION 360 EYE CONTOUR CREAM WITH REFRESHING APPLICATOR. The Force De Vie range provides your skin with a powerful daily dose of pure oxygen, vitamin C and bio-Suisse extracts. Force De Vie Contour Des Yeux attenuates the appearance of fine lines and crow&#8217;s feet, reduces the appearance of puffiness and dark circles, and gives a [&hellip;]<\/p>\n","protected":false},"featured_media":7627,"comment_status":"closed","ping_status":"closed","template":"","meta":{"_acf_changed":false},"product_cat":[104,88,97,108],"product_tag":[],"class_list":{"0":"post-9418","1":"product","2":"type-product","3":"status-publish","4":"has-post-thumbnail","6":"product_cat-luzern-en","7":"product_cat-eye-contour","8":"product_cat-cream-en","9":"product_cat-products-for-all-en","11":"first","12":"instock","13":"taxable","14":"shipping-taxable","15":"purchasable","16":"product-type-simple"},"acf":[],"_links":{"self":[{"href":"https:\/\/dev1.micro-esthetique.com\/en\/wp-json\/wp\/v2\/product\/9418","targetHints":{"allow":["GET"]}}],"collection":[{"href":"https:\/\/dev1.micro-esthetique.com\/en\/wp-json\/wp\/v2\/product"}],"about":[{"href":"https:\/\/dev1.micro-esthetique.com\/en\/wp-json\/wp\/v2\/types\/product"}],"replies":[{"embeddable":true,"href":"https:\/\/dev1.micro-esthetique.com\/en\/wp-json\/wp\/v2\/comments?post=9418"}],"wp:featuredmedia":[{"embeddable":true,"href":"https:\/\/dev1.micro-esthetique.com\/en\/wp-json\/wp\/v2\/media\/7627"}],"wp:attachment":[{"href":"https:\/\/dev1.micro-esthetique.com\/en\/wp-json\/wp\/v2\/media?parent=9418"}],"wp:term":[{"taxonomy":"product_cat","embeddable":true,"href":"https:\/\/dev1.micro-esthetique.com\/en\/wp-json\/wp\/v2\/product_cat?post=9418"},{"taxonomy":"product_tag","embeddable":true,"href":"https:\/\/dev1.micro-esthetique.com\/en\/wp-json\/wp\/v2\/product_tag?post=9418"}],"curies":[{"name":"wp","href":"https:\/\/api.w.org\/{rel}","templated":true}]}}