{"id":10202,"date":"2024-11-20T18:15:22","date_gmt":"2024-11-20T22:15:22","guid":{"rendered":"https:\/\/dev1.micro-esthetique.com\/?post_type=product&#038;p=10202"},"modified":"2024-11-26T14:40:11","modified_gmt":"2024-11-26T18:40:11","slug":"g-m-collin-phyto-stem-cell-contour-yeux","status":"publish","type":"product","link":"https:\/\/dev1.micro-esthetique.com\/en\/produit\/g-m-collin-phyto-stem-cell-contour-yeux\/","title":{"rendered":"G.M. COLLIN Phyto Stem Cell Contour Yeux"},"content":{"rendered":"<p>Alliance technologique de cellule souches veg\u00e9tales et de peptides. Hydrate, apaise et am\u00e9liore l&#8217;apparence des cernes, des poches et des rides et ridules au contour des yeux.<br \/>\nSoin anti-\u00e2ge contour yeux.<\/p>\n","protected":false},"excerpt":{"rendered":"<p>Alliance technologique de cellule souches veg\u00e9tales et de peptides. Hydrate, apaise et am\u00e9liore l&#8217;apparence des cernes, des poches et des rides et ridules au contour des yeux. Soin anti-\u00e2ge contour yeux.<\/p>\n","protected":false},"featured_media":10403,"comment_status":"open","ping_status":"closed","template":"","meta":{"_acf_changed":false},"product_cat":[141,64],"product_tag":[],"class_list":{"0":"post-10202","1":"product","2":"type-product","3":"status-publish","4":"has-post-thumbnail","6":"product_cat-g-m-collin","7":"product_cat-contour-des-yeux","9":"first","10":"instock","11":"taxable","12":"shipping-taxable","13":"purchasable","14":"product-type-simple"},"acf":[],"_links":{"self":[{"href":"https:\/\/dev1.micro-esthetique.com\/en\/wp-json\/wp\/v2\/product\/10202","targetHints":{"allow":["GET"]}}],"collection":[{"href":"https:\/\/dev1.micro-esthetique.com\/en\/wp-json\/wp\/v2\/product"}],"about":[{"href":"https:\/\/dev1.micro-esthetique.com\/en\/wp-json\/wp\/v2\/types\/product"}],"replies":[{"embeddable":true,"href":"https:\/\/dev1.micro-esthetique.com\/en\/wp-json\/wp\/v2\/comments?post=10202"}],"wp:featuredmedia":[{"embeddable":true,"href":"https:\/\/dev1.micro-esthetique.com\/en\/wp-json\/wp\/v2\/media\/10403"}],"wp:attachment":[{"href":"https:\/\/dev1.micro-esthetique.com\/en\/wp-json\/wp\/v2\/media?parent=10202"}],"wp:term":[{"taxonomy":"product_cat","embeddable":true,"href":"https:\/\/dev1.micro-esthetique.com\/en\/wp-json\/wp\/v2\/product_cat?post=10202"},{"taxonomy":"product_tag","embeddable":true,"href":"https:\/\/dev1.micro-esthetique.com\/en\/wp-json\/wp\/v2\/product_tag?post=10202"}],"curies":[{"name":"wp","href":"https:\/\/api.w.org\/{rel}","templated":true}]}}