{"id":10196,"date":"2024-11-20T17:08:20","date_gmt":"2024-11-20T21:08:20","guid":{"rendered":"https:\/\/dev1.micro-esthetique.com\/?post_type=product&#038;p=10196"},"modified":"2024-11-26T15:08:11","modified_gmt":"2024-11-26T19:08:11","slug":"g-m-collin-diamond-contour-yeux","status":"publish","type":"product","link":"https:\/\/dev1.micro-esthetique.com\/en\/produit\/g-m-collin-diamond-contour-yeux\/","title":{"rendered":"G.M COLLIN Diamond Contour yeux"},"content":{"rendered":"<p>Alliant technologie de fine pointe et raffinement, la collection diamond est formul\u00e9e avec une synergie de poudre pr\u00e9cieuse de diamant, d&#8217;un complexe de peptides et d&#8217;algues des neiges qui aident \u00e0 obtenir un teint divinement radieux et une peau visiblement plus jeune.<br \/>\nSoin des yeux anti-\u00e0ge.<\/p>\n","protected":false},"excerpt":{"rendered":"<p>Alliant technologie de fine pointe et raffinement, la collection diamond est formul\u00e9e avec une synergie de poudre pr\u00e9cieuse de diamant, d&#8217;un complexe de peptides et d&#8217;algues des neiges qui aident \u00e0 obtenir un teint divinement radieux et une peau visiblement plus jeune. Soin des yeux anti-\u00e0ge.<\/p>\n","protected":false},"featured_media":10399,"comment_status":"open","ping_status":"closed","template":"","meta":{"_acf_changed":false},"product_cat":[141,64],"product_tag":[],"class_list":{"0":"post-10196","1":"product","2":"type-product","3":"status-publish","4":"has-post-thumbnail","6":"product_cat-g-m-collin","7":"product_cat-contour-des-yeux","9":"first","10":"instock","11":"taxable","12":"shipping-taxable","13":"purchasable","14":"product-type-simple"},"acf":[],"_links":{"self":[{"href":"https:\/\/dev1.micro-esthetique.com\/en\/wp-json\/wp\/v2\/product\/10196","targetHints":{"allow":["GET"]}}],"collection":[{"href":"https:\/\/dev1.micro-esthetique.com\/en\/wp-json\/wp\/v2\/product"}],"about":[{"href":"https:\/\/dev1.micro-esthetique.com\/en\/wp-json\/wp\/v2\/types\/product"}],"replies":[{"embeddable":true,"href":"https:\/\/dev1.micro-esthetique.com\/en\/wp-json\/wp\/v2\/comments?post=10196"}],"wp:featuredmedia":[{"embeddable":true,"href":"https:\/\/dev1.micro-esthetique.com\/en\/wp-json\/wp\/v2\/media\/10399"}],"wp:attachment":[{"href":"https:\/\/dev1.micro-esthetique.com\/en\/wp-json\/wp\/v2\/media?parent=10196"}],"wp:term":[{"taxonomy":"product_cat","embeddable":true,"href":"https:\/\/dev1.micro-esthetique.com\/en\/wp-json\/wp\/v2\/product_cat?post=10196"},{"taxonomy":"product_tag","embeddable":true,"href":"https:\/\/dev1.micro-esthetique.com\/en\/wp-json\/wp\/v2\/product_tag?post=10196"}],"curies":[{"name":"wp","href":"https:\/\/api.w.org\/{rel}","templated":true}]}}