{"id":10195,"date":"2024-11-20T16:59:51","date_gmt":"2024-11-20T20:59:51","guid":{"rendered":"https:\/\/dev1.micro-esthetique.com\/?post_type=product&#038;p=10195"},"modified":"2024-11-26T15:11:31","modified_gmt":"2024-11-26T19:11:31","slug":"g-m-collin-hyaluronic-filler-creme","status":"publish","type":"product","link":"https:\/\/dev1.micro-esthetique.com\/en\/produit\/g-m-collin-hyaluronic-filler-creme\/","title":{"rendered":"G.M COLLIN Hyaluronic Filler Cr\u00e8me"},"content":{"rendered":"<p>Repulpe visiblement la peau gr\u00e2ce \u00e0 une hydratation intense et imm\u00e9diate, tout en att\u00e9nuant les signes de l&#8217;\u00e2ge. La peau para\u00eet plus lisse et lumineuse.<br \/>\nSoin anti-\u00e2ge.<\/p>\n","protected":false},"excerpt":{"rendered":"<p>Repulpe visiblement la peau gr\u00e2ce \u00e0 une hydratation intense et imm\u00e9diate, tout en att\u00e9nuant les signes de l&#8217;\u00e2ge. La peau para\u00eet plus lisse et lumineuse. Soin anti-\u00e2ge.<\/p>\n","protected":false},"featured_media":10331,"comment_status":"open","ping_status":"closed","template":"","meta":{"_acf_changed":false},"product_cat":[141,55],"product_tag":[],"class_list":{"0":"post-10195","1":"product","2":"type-product","3":"status-publish","4":"has-post-thumbnail","6":"product_cat-g-m-collin","7":"product_cat-cremes","9":"first","10":"instock","11":"taxable","12":"shipping-taxable","13":"purchasable","14":"product-type-simple"},"acf":[],"_links":{"self":[{"href":"https:\/\/dev1.micro-esthetique.com\/en\/wp-json\/wp\/v2\/product\/10195","targetHints":{"allow":["GET"]}}],"collection":[{"href":"https:\/\/dev1.micro-esthetique.com\/en\/wp-json\/wp\/v2\/product"}],"about":[{"href":"https:\/\/dev1.micro-esthetique.com\/en\/wp-json\/wp\/v2\/types\/product"}],"replies":[{"embeddable":true,"href":"https:\/\/dev1.micro-esthetique.com\/en\/wp-json\/wp\/v2\/comments?post=10195"}],"wp:featuredmedia":[{"embeddable":true,"href":"https:\/\/dev1.micro-esthetique.com\/en\/wp-json\/wp\/v2\/media\/10331"}],"wp:attachment":[{"href":"https:\/\/dev1.micro-esthetique.com\/en\/wp-json\/wp\/v2\/media?parent=10195"}],"wp:term":[{"taxonomy":"product_cat","embeddable":true,"href":"https:\/\/dev1.micro-esthetique.com\/en\/wp-json\/wp\/v2\/product_cat?post=10195"},{"taxonomy":"product_tag","embeddable":true,"href":"https:\/\/dev1.micro-esthetique.com\/en\/wp-json\/wp\/v2\/product_tag?post=10195"}],"curies":[{"name":"wp","href":"https:\/\/api.w.org\/{rel}","templated":true}]}}