{"id":10186,"date":"2024-11-20T15:15:42","date_gmt":"2024-11-20T19:15:42","guid":{"rendered":"https:\/\/dev1.micro-esthetique.com\/?post_type=product&#038;p=10186"},"modified":"2024-12-02T16:38:15","modified_gmt":"2024-12-02T20:38:15","slug":"g-m-collin-active-exfoliant-poudre","status":"publish","type":"product","link":"https:\/\/dev1.micro-esthetique.com\/en\/produit\/g-m-collin-active-exfoliant-poudre\/","title":{"rendered":"G.M. COLLIN Active Exfoliant Poudre"},"content":{"rendered":"<p>Une poudre exfoliante unique qui s&#8217;active au contact de l&#8217;eau pour former une mousse \u00e9liminant les impuret\u00e9s et les cellules mortes de la peau. La peau est douce, lisse fra\u00eeche et le teint s&#8217;illumine. Pour tout type de peau.<\/p>\n","protected":false},"excerpt":{"rendered":"<p>Une poudre exfoliante unique qui s&#8217;active au contact de l&#8217;eau pour former une mousse \u00e9liminant les impuret\u00e9s et les cellules mortes de la peau. La peau est douce, lisse fra\u00eeche et le teint s&#8217;illumine. Pour tout type de peau.<\/p>\n","protected":false},"featured_media":10279,"comment_status":"open","ping_status":"closed","template":"","meta":{"_acf_changed":false},"product_cat":[141,57],"product_tag":[],"class_list":{"0":"post-10186","1":"product","2":"type-product","3":"status-publish","4":"has-post-thumbnail","6":"product_cat-g-m-collin","7":"product_cat-exfoliants","9":"first","10":"instock","11":"taxable","12":"shipping-taxable","13":"purchasable","14":"product-type-simple"},"acf":[],"_links":{"self":[{"href":"https:\/\/dev1.micro-esthetique.com\/en\/wp-json\/wp\/v2\/product\/10186","targetHints":{"allow":["GET"]}}],"collection":[{"href":"https:\/\/dev1.micro-esthetique.com\/en\/wp-json\/wp\/v2\/product"}],"about":[{"href":"https:\/\/dev1.micro-esthetique.com\/en\/wp-json\/wp\/v2\/types\/product"}],"replies":[{"embeddable":true,"href":"https:\/\/dev1.micro-esthetique.com\/en\/wp-json\/wp\/v2\/comments?post=10186"}],"wp:featuredmedia":[{"embeddable":true,"href":"https:\/\/dev1.micro-esthetique.com\/en\/wp-json\/wp\/v2\/media\/10279"}],"wp:attachment":[{"href":"https:\/\/dev1.micro-esthetique.com\/en\/wp-json\/wp\/v2\/media?parent=10186"}],"wp:term":[{"taxonomy":"product_cat","embeddable":true,"href":"https:\/\/dev1.micro-esthetique.com\/en\/wp-json\/wp\/v2\/product_cat?post=10186"},{"taxonomy":"product_tag","embeddable":true,"href":"https:\/\/dev1.micro-esthetique.com\/en\/wp-json\/wp\/v2\/product_tag?post=10186"}],"curies":[{"name":"wp","href":"https:\/\/api.w.org\/{rel}","templated":true}]}}