{"id":10181,"date":"2024-11-20T14:51:09","date_gmt":"2024-11-20T18:51:09","guid":{"rendered":"https:\/\/dev1.micro-esthetique.com\/?post_type=product&#038;p=10181"},"modified":"2024-12-02T16:41:45","modified_gmt":"2024-12-02T20:41:45","slug":"g-m-collin-puracne-gel","status":"publish","type":"product","link":"https:\/\/dev1.micro-esthetique.com\/en\/produit\/g-m-collin-puracne-gel\/","title":{"rendered":"G.M. COLLIN Puracne Gel"},"content":{"rendered":"<p>Aide \u00e0 traiter les boutons d&#8217;acn\u00e9. Ass\u00e8che et aide \u00e0 \u00e9liminer les boutons d&#8217;acn\u00e9. Aide \u00e0 pr\u00e9venir de nouveaux boutons d&#8217;acn\u00e9.<br \/>\nTraitement pour l&#8217;acn\u00e9.<\/p>\n","protected":false},"excerpt":{"rendered":"<p>Aide \u00e0 traiter les boutons d&#8217;acn\u00e9. Ass\u00e8che et aide \u00e0 \u00e9liminer les boutons d&#8217;acn\u00e9. Aide \u00e0 pr\u00e9venir de nouveaux boutons d&#8217;acn\u00e9. Traitement pour l&#8217;acn\u00e9.<\/p>\n","protected":false},"featured_media":10301,"comment_status":"open","ping_status":"closed","template":"","meta":{"_acf_changed":false},"product_cat":[141,55],"product_tag":[],"class_list":{"0":"post-10181","1":"product","2":"type-product","3":"status-publish","4":"has-post-thumbnail","6":"product_cat-g-m-collin","7":"product_cat-cremes","9":"first","10":"instock","11":"taxable","12":"shipping-taxable","13":"purchasable","14":"product-type-simple"},"acf":[],"_links":{"self":[{"href":"https:\/\/dev1.micro-esthetique.com\/en\/wp-json\/wp\/v2\/product\/10181","targetHints":{"allow":["GET"]}}],"collection":[{"href":"https:\/\/dev1.micro-esthetique.com\/en\/wp-json\/wp\/v2\/product"}],"about":[{"href":"https:\/\/dev1.micro-esthetique.com\/en\/wp-json\/wp\/v2\/types\/product"}],"replies":[{"embeddable":true,"href":"https:\/\/dev1.micro-esthetique.com\/en\/wp-json\/wp\/v2\/comments?post=10181"}],"wp:featuredmedia":[{"embeddable":true,"href":"https:\/\/dev1.micro-esthetique.com\/en\/wp-json\/wp\/v2\/media\/10301"}],"wp:attachment":[{"href":"https:\/\/dev1.micro-esthetique.com\/en\/wp-json\/wp\/v2\/media?parent=10181"}],"wp:term":[{"taxonomy":"product_cat","embeddable":true,"href":"https:\/\/dev1.micro-esthetique.com\/en\/wp-json\/wp\/v2\/product_cat?post=10181"},{"taxonomy":"product_tag","embeddable":true,"href":"https:\/\/dev1.micro-esthetique.com\/en\/wp-json\/wp\/v2\/product_tag?post=10181"}],"curies":[{"name":"wp","href":"https:\/\/api.w.org\/{rel}","templated":true}]}}