{"id":10034,"date":"2024-11-19T15:02:07","date_gmt":"2024-11-19T19:02:07","guid":{"rendered":"https:\/\/dev1.micro-esthetique.com\/?post_type=product&#038;p=10034"},"modified":"2024-12-02T16:46:28","modified_gmt":"2024-12-02T20:46:28","slug":"g-m-collin-puractive-lotion-purifiante","status":"publish","type":"product","link":"https:\/\/dev1.micro-esthetique.com\/en\/produit\/g-m-collin-puractive-lotion-purifiante\/","title":{"rendered":"G.M. COLLIN Puractive Lotion Purifiante"},"content":{"rendered":"<p>Lotion Purifiante et rafra\u00eechissante. Aide \u00e0 diminuer l&#8217;exc\u00e8s de s\u00e9bum. Aide \u00e0 maximiser les effets des cr\u00e8mes de soin.<br \/>\nPour peau normale \u00e0 grasse.<\/p>\n","protected":false},"excerpt":{"rendered":"<p>Lotion Purifiante et rafra\u00eechissante. Aide \u00e0 diminuer l&#8217;exc\u00e8s de s\u00e9bum. Aide \u00e0 maximiser les effets des cr\u00e8mes de soin. Pour peau normale \u00e0 grasse.<\/p>\n","protected":false},"featured_media":10275,"comment_status":"open","ping_status":"closed","template":"","meta":{"_acf_changed":false},"product_cat":[141,113],"product_tag":[],"class_list":{"0":"post-10034","1":"product","2":"type-product","3":"status-publish","4":"has-post-thumbnail","6":"product_cat-g-m-collin","7":"product_cat-lotions","9":"first","10":"instock","11":"taxable","12":"shipping-taxable","13":"purchasable","14":"product-type-simple"},"acf":[],"_links":{"self":[{"href":"https:\/\/dev1.micro-esthetique.com\/en\/wp-json\/wp\/v2\/product\/10034","targetHints":{"allow":["GET"]}}],"collection":[{"href":"https:\/\/dev1.micro-esthetique.com\/en\/wp-json\/wp\/v2\/product"}],"about":[{"href":"https:\/\/dev1.micro-esthetique.com\/en\/wp-json\/wp\/v2\/types\/product"}],"replies":[{"embeddable":true,"href":"https:\/\/dev1.micro-esthetique.com\/en\/wp-json\/wp\/v2\/comments?post=10034"}],"wp:featuredmedia":[{"embeddable":true,"href":"https:\/\/dev1.micro-esthetique.com\/en\/wp-json\/wp\/v2\/media\/10275"}],"wp:attachment":[{"href":"https:\/\/dev1.micro-esthetique.com\/en\/wp-json\/wp\/v2\/media?parent=10034"}],"wp:term":[{"taxonomy":"product_cat","embeddable":true,"href":"https:\/\/dev1.micro-esthetique.com\/en\/wp-json\/wp\/v2\/product_cat?post=10034"},{"taxonomy":"product_tag","embeddable":true,"href":"https:\/\/dev1.micro-esthetique.com\/en\/wp-json\/wp\/v2\/product_tag?post=10034"}],"curies":[{"name":"wp","href":"https:\/\/api.w.org\/{rel}","templated":true}]}}