{"id":10033,"date":"2024-11-19T14:38:17","date_gmt":"2024-11-19T18:38:17","guid":{"rendered":"https:\/\/dev1.micro-esthetique.com\/?post_type=product&#038;p=10033"},"modified":"2024-12-02T16:48:18","modified_gmt":"2024-12-02T20:48:18","slug":"g-m-collin-puractive-mousse-nettoyante","status":"publish","type":"product","link":"https:\/\/dev1.micro-esthetique.com\/en\/produit\/g-m-collin-puractive-mousse-nettoyante\/","title":{"rendered":"G.M. COLLIN Puractive Mousse Nettoyante"},"content":{"rendered":"<p>Purifie et aide \u00e0 r\u00e9tablir l&#8217;\u00e9quilibre des peaux normales \u00e0 grasses en \u00e9liminant l&#8217;exc\u00e8s de s\u00e9bum.<br \/>\nPour Peau normal \u00e0 grasse.<\/p>\n","protected":false},"excerpt":{"rendered":"<p>Purifie et aide \u00e0 r\u00e9tablir l&#8217;\u00e9quilibre des peaux normales \u00e0 grasses en \u00e9liminant l&#8217;exc\u00e8s de s\u00e9bum. Pour Peau normal \u00e0 grasse.<\/p>\n","protected":false},"featured_media":10327,"comment_status":"open","ping_status":"closed","template":"","meta":{"_acf_changed":false},"product_cat":[141,63],"product_tag":[],"class_list":{"0":"post-10033","1":"product","2":"type-product","3":"status-publish","4":"has-post-thumbnail","6":"product_cat-g-m-collin","7":"product_cat-nettoyants","9":"first","10":"instock","11":"taxable","12":"shipping-taxable","13":"purchasable","14":"product-type-simple"},"acf":[],"_links":{"self":[{"href":"https:\/\/dev1.micro-esthetique.com\/en\/wp-json\/wp\/v2\/product\/10033","targetHints":{"allow":["GET"]}}],"collection":[{"href":"https:\/\/dev1.micro-esthetique.com\/en\/wp-json\/wp\/v2\/product"}],"about":[{"href":"https:\/\/dev1.micro-esthetique.com\/en\/wp-json\/wp\/v2\/types\/product"}],"replies":[{"embeddable":true,"href":"https:\/\/dev1.micro-esthetique.com\/en\/wp-json\/wp\/v2\/comments?post=10033"}],"wp:featuredmedia":[{"embeddable":true,"href":"https:\/\/dev1.micro-esthetique.com\/en\/wp-json\/wp\/v2\/media\/10327"}],"wp:attachment":[{"href":"https:\/\/dev1.micro-esthetique.com\/en\/wp-json\/wp\/v2\/media?parent=10033"}],"wp:term":[{"taxonomy":"product_cat","embeddable":true,"href":"https:\/\/dev1.micro-esthetique.com\/en\/wp-json\/wp\/v2\/product_cat?post=10033"},{"taxonomy":"product_tag","embeddable":true,"href":"https:\/\/dev1.micro-esthetique.com\/en\/wp-json\/wp\/v2\/product_tag?post=10033"}],"curies":[{"name":"wp","href":"https:\/\/api.w.org\/{rel}","templated":true}]}}