{"id":10023,"date":"2024-11-19T12:19:20","date_gmt":"2024-11-19T16:19:20","guid":{"rendered":"https:\/\/dev1.micro-esthetique.com\/?post_type=product&#038;p=10023"},"modified":"2024-12-02T16:59:09","modified_gmt":"2024-12-02T20:59:09","slug":"g-m-collin-lait-nettoyant-hydramucine","status":"publish","type":"product","link":"https:\/\/dev1.micro-esthetique.com\/en\/produit\/g-m-collin-lait-nettoyant-hydramucine\/","title":{"rendered":"G.M. COLLIN Lait Nettoyant Hydramucine"},"content":{"rendered":"<p>Lait nettoyant et d\u00e9maquillant. Dissout s\u00e9bum, les impuret\u00e9s, tout en maintenant l&#8217;hydratation.<br \/>\nPour les peaux d\u00e9shydrat\u00e9es.<\/p>\n","protected":false},"excerpt":{"rendered":"<p>Lait nettoyant et d\u00e9maquillant. Dissout s\u00e9bum, les impuret\u00e9s, tout en maintenant l&#8217;hydratation. Pour les peaux d\u00e9shydrat\u00e9es.<\/p>\n","protected":false},"featured_media":10329,"comment_status":"open","ping_status":"closed","template":"","meta":{"_acf_changed":false},"product_cat":[141,63],"product_tag":[],"class_list":{"0":"post-10023","1":"product","2":"type-product","3":"status-publish","4":"has-post-thumbnail","6":"product_cat-g-m-collin","7":"product_cat-nettoyants","9":"first","10":"instock","11":"taxable","12":"shipping-taxable","13":"purchasable","14":"product-type-simple"},"acf":[],"_links":{"self":[{"href":"https:\/\/dev1.micro-esthetique.com\/en\/wp-json\/wp\/v2\/product\/10023","targetHints":{"allow":["GET"]}}],"collection":[{"href":"https:\/\/dev1.micro-esthetique.com\/en\/wp-json\/wp\/v2\/product"}],"about":[{"href":"https:\/\/dev1.micro-esthetique.com\/en\/wp-json\/wp\/v2\/types\/product"}],"replies":[{"embeddable":true,"href":"https:\/\/dev1.micro-esthetique.com\/en\/wp-json\/wp\/v2\/comments?post=10023"}],"wp:featuredmedia":[{"embeddable":true,"href":"https:\/\/dev1.micro-esthetique.com\/en\/wp-json\/wp\/v2\/media\/10329"}],"wp:attachment":[{"href":"https:\/\/dev1.micro-esthetique.com\/en\/wp-json\/wp\/v2\/media?parent=10023"}],"wp:term":[{"taxonomy":"product_cat","embeddable":true,"href":"https:\/\/dev1.micro-esthetique.com\/en\/wp-json\/wp\/v2\/product_cat?post=10023"},{"taxonomy":"product_tag","embeddable":true,"href":"https:\/\/dev1.micro-esthetique.com\/en\/wp-json\/wp\/v2\/product_tag?post=10023"}],"curies":[{"name":"wp","href":"https:\/\/api.w.org\/{rel}","templated":true}]}}